{"id":7,"date":"2020-04-29T13:45:21","date_gmt":"2020-04-29T13:45:21","guid":{"rendered":"http:\/\/health.samart.com\/?page_id=7"},"modified":"2020-04-29T13:45:21","modified_gmt":"2020-04-29T13:45:21","slug":"","status":"publish","type":"page","link":"https:\/\/health.samart.com\/fr\/","title":{"rendered":"Titre par d\u00e9faut","raw":""},"content":{"rendered":"","protected":false,"raw":""},"excerpt":{"rendered":"","protected":false,"raw":""},"author":1,"featured_media":0,"parent":0,"menu_order":0,"comment_status":"closed","ping_status":"closed","template":"","meta":{"_es_post_content":"\u00a1Bienvenido a tu sitio! Esta es tu p\u00e1gina de inicio, que es la que la mayor\u00eda de visitantes ver\u00e1n cuando vengan a tu sitio por primera vez.","_es_post_name":"inicio","_es_post_excerpt":"","_es_post_title":"Inicio","_fr_post_content":"","_fr_post_name":"","_fr_post_excerpt":"","_fr_post_title":"","edit_language":"fr"},"_links":{"self":[{"href":"https:\/\/health.samart.com\/fr\/wp-json\/wp\/v2\/pages\/7"}],"collection":[{"href":"https:\/\/health.samart.com\/fr\/wp-json\/wp\/v2\/pages"}],"about":[{"href":"https:\/\/health.samart.com\/fr\/wp-json\/wp\/v2\/types\/page"}],"author":[{"embeddable":true,"href":"https:\/\/health.samart.com\/fr\/wp-json\/wp\/v2\/users\/1"}],"replies":[{"embeddable":true,"href":"https:\/\/health.samart.com\/fr\/wp-json\/wp\/v2\/comments?post=7"}],"version-history":[{"count":1,"href":"https:\/\/health.samart.com\/fr\/wp-json\/wp\/v2\/pages\/7\/revisions"}],"predecessor-version":[{"id":11,"href":"https:\/\/health.samart.com\/fr\/wp-json\/wp\/v2\/pages\/7\/revisions\/11"}],"wp:attachment":[{"href":"https:\/\/health.samart.com\/fr\/wp-json\/wp\/v2\/media?parent=7"}],"curies":[{"name":"wp","href":"https:\/\/api.w.org\/{rel}","templated":true}]}}